{"id":18,"date":"2024-03-26T16:55:45","date_gmt":"2024-03-26T16:55:45","guid":{"rendered":"https:\/\/www.ktemacoins.com\/?page_id=18"},"modified":"2024-04-14T18:22:04","modified_gmt":"2024-04-14T18:22:04","slug":"che-cosa-facciamo","status":"publish","type":"page","link":"https:\/\/www.ktemacoins.com\/?page_id=18","title":{"rendered":"Che cosa facciamo"},"content":{"rendered":"\n<p>Come \u201cktema es aei\u201d, una miniera di informazioni valide in ogni tempo e spazio, siamo qui per illuminare il passato, il presente e il futuro attraverso la Numismatica. Condividiamo il nostro amore e la nostra passione per le monete, offrendovi non solo pezzi da collezione, ma anche un insegnamento per sempre, pronto ad essere trasmesso alle generazioni future.<\/p>\n\n\n\n<p>Il funzionamento di un negozio di numismatica che vende monete da collezione pu\u00f2 essere cos\u00ec descritto in diversi passaggi facendovi capire qual \u00e8 la nostra sfida quotidiana:<\/p>\n\n\n\n<p>1. <strong>Ricerca e acquisizione<\/strong>: Il negozio acquista monete da collezione da diverse fonti, incluse aste numismatiche, eredit\u00e0, da collezionisti privati o da altri rivenditori professionisti. Le monete vengono selezionate in base alla loro rarit\u00e0, alla qualit\u00e0 e alla domanda di mercato. <\/p>\n\n\n\n<p>2. <strong>Studio e valutazione<\/strong>: tutte le monete proposte vengono attentamente studiate e valutate per determinare la loro autenticit\u00e0, la loro provenienza e il loro stato di conservazione. Questo processo riguarda ogni dettaglio della moneta e permette di garantire a chi compra dal nostro negozio la piena originalit\u00e0 del bene acquistato. <\/p>\n\n\n\n<p>3.<strong>Proposta ai clienti<\/strong>: Le monete selezionate vengono quindi proposte ai clienti attraverso uno shop dedicato presso il portale Deamoneta.com, portale di riferimento per tutti i numismatici intenti ad arricchire la propria collezione. La nostra proposta viene continuamente aggiornata sul nostro shop online dedicato che ci permette di mantenerci in contatto con i collezionisti.<br>Offriamo inoltre un servizio di rappresentanza ai clienti in trattative private e aste pubbliche. Con esso \u00e8 offerto anche il servizio di perizia e stima della merce in oggetto. <\/p>\n\n\n\n<p>4. <strong>Investimento a lungo termine<\/strong>: Le monete da collezione vengono considerate non solo come pezzi da collezione, ma anche come investimenti a lungo termine. Questo perch\u00e9 le monete acquistate non perdono valore nel tempo e aspettano nuovi collezionisti impazienti di averle con loro per periodo per\u00f2 limitato che permette un ciclo di vita assai imprevedibile. <br>Poich\u00e9 le monete possono mantenere o aumentare il loro valore nel tempo, i clienti vedono il loro acquisto come un modo per diversificare il proprio patrimonio e come un asset tangibile che pu\u00f2 essere passato alle generazioni future. <br>Lo studio di numismatica opera attraverso un processo che va dall&#8217;acquisizione e la valutazione delle monete alla loro proposizione ai clienti. Questo riflette la nostra consapevolezza dell&#8217;importanza della conoscenza nel settore. Attraverso una consulenza attenta e competente, il negozio di numismatica non solo consente ai collezionisti di scegliere con cura le loro monete, ma li assiste anche nel comprendere il loro valore potenziale nel lungo termine. Ci\u00f2 garantisce un ciclo di vita pi\u00f9 solido e gratificante per il loro patrimonio collezionistico.<\/p>\n","protected":false},"excerpt":{"rendered":"<p>Come \u201cktema es aei\u201d, una miniera di informazioni valide in ogni tempo e spazio, siamo qui per illuminare il passato, il presente e il futuro attraverso la Numismatica. Condividiamo il nostro amore e la nostra passione per le monete, offrendovi non solo pezzi da collezione, ma anche un insegnamento per sempre, pronto ad essere trasmesso [&hellip;]<\/p>\n","protected":false},"author":1,"featured_media":0,"parent":0,"menu_order":0,"comment_status":"closed","ping_status":"closed","template":"","meta":{"footnotes":""},"_links":{"self":[{"href":"https:\/\/www.ktemacoins.com\/index.php?rest_route=\/wp\/v2\/pages\/18"}],"collection":[{"href":"https:\/\/www.ktemacoins.com\/index.php?rest_route=\/wp\/v2\/pages"}],"about":[{"href":"https:\/\/www.ktemacoins.com\/index.php?rest_route=\/wp\/v2\/types\/page"}],"author":[{"embeddable":true,"href":"https:\/\/www.ktemacoins.com\/index.php?rest_route=\/wp\/v2\/users\/1"}],"replies":[{"embeddable":true,"href":"https:\/\/www.ktemacoins.com\/index.php?rest_route=%2Fwp%2Fv2%2Fcomments&post=18"}],"version-history":[{"count":3,"href":"https:\/\/www.ktemacoins.com\/index.php?rest_route=\/wp\/v2\/pages\/18\/revisions"}],"predecessor-version":[{"id":47,"href":"https:\/\/www.ktemacoins.com\/index.php?rest_route=\/wp\/v2\/pages\/18\/revisions\/47"}],"wp:attachment":[{"href":"https:\/\/www.ktemacoins.com\/index.php?rest_route=%2Fwp%2Fv2%2Fmedia&parent=18"}],"curies":[{"name":"wp","href":"https:\/\/api.w.org\/{rel}","templated":true}]}}